{"id":1103,"date":"2019-04-24T10:43:03","date_gmt":"2019-04-24T10:43:03","guid":{"rendered":"http:\/\/arkahost.com\/?page_id=1103"},"modified":"2021-04-11T02:11:21","modified_gmt":"2021-04-11T02:11:21","slug":"faqs","status":"publish","type":"page","link":"https:\/\/www.delhalo.hu\/?page_id=1103","title":{"rendered":"GY.I.K"},"content":{"rendered":"<p>[vc_row][vc_column el_class=&#8221;st-accordion-four&#8221;]<h2>Gyakran Ism\u00e9telt K\u00e9rd\u00e9sek<\/h2>[vc_toggle title=&#8221;Zavarja a rossz id\u0151j\u00e1r\u00e1s az internetet?&#8221; color=&#8221;green&#8221; open=&#8221;true&#8221;]Az id\u0151j\u00e1r\u00e1si t\u00e9nyez\u0151 a jelenlegi korszer\u0171 mikrohull\u00e1m\u00fa antenn\u00e1kat alig vagy egy\u00e1ltal\u00e1n nem zavarja, legfeljebb eg\u00e9szen extr\u00e9m id\u0151j\u00e1r\u00e1si helyzetben (vastag h\u00f3 r\u00e1fagy az antenn\u00e1ra, vagy ork\u00e1nerej\u0171 sz\u00e9l elcsavarja, elt\u00f6ri az antenn\u00e1t) fordulhat el\u0151, hogy a s\u00e1vsz\u00e9less\u00e9g lecs\u00f6kken, vagy a kapcsolat megszakad.[\/vc_toggle][vc_toggle title=&#8221;Vesz\u00e9lyes a vezet\u00e9k n\u00e9lk\u00fcli internet k\u00f6zels\u00e9ge?&#8221; color=&#8221;green&#8221;]A kapcsolatot biztos\u00edt\u00f3 antenn\u00e1k alacsony frekvenci\u00e1t bocs\u00e1jtanak ki, az eg\u00e9szs\u00e9gre nem \u00e1rtalmasabb mint a mobil technol\u00f3gia. Egy, a f\u00fcl\u00fcnk\u00f6n l\u00e9v\u0151 mobiltelefon teljes\u00edtm\u00e9ny\u00e9nek 1\/10-ede, 1\/20-ada a kibocs\u00e1jtott frekvencia.[\/vc_toggle][vc_toggle title=&#8221;Van lehet\u0151s\u00e9g sz\u00fcneteltetni a szolg\u00e1ltat\u00e1st?&#8221; color=&#8221;green&#8221;]gen! 1 \u00e9ven bel\u00fcl maximum 6 h\u00f3napig lehet sz\u00fcneteltetni a szolg\u00e1ltat\u00e1st.[\/vc_toggle][vc_toggle title=&#8221;Bek\u00f6thet\u0151 hozz\u00e1m a szolg\u00e1ltat\u00e1s?&#8221; color=&#8221;green&#8221;]Igen, \u00e1ltal\u00e1ban mindenkit. Fontos szerepet j\u00e1tszik, hogy az \u00e9p\u00fclet, ahov\u00e1 az internet bek\u00f6t\u00e9sre ker\u00fcl milyen k\u00f6rnyezeti adotts\u00e1gokkal rendelkezik (fa, magas \u00e9p\u00fcletek) az antenna kommunik\u00e1ci\u00f3ja v\u00e9gett.[\/vc_toggle][vc_toggle title=&#8221;Milyen eszk\u00f6z\u00f6k ker\u00fclnek felszerel\u00e9sre?&#8221; color=&#8221;green&#8221;]Egy Ubiquiti m\u00e1rk\u00e1j\u00fa antenna a k\u00fclt\u00e9ren, egy az antenn\u00e1t\u00f3l a lakt\u00e9rbe elvezetett Bitner Ftp k\u00e1bel \u00e9s egy Mikrotik Wifi Router.[\/vc_toggle][vc_toggle title=&#8221;\u00c9p\u00fcleten bel\u00fcl hov\u00e1 ker\u00fcl a router?&#8221; color=&#8221;green&#8221;]B\u00e1rhova k\u00e9rhet\u0151 a lak\u00f3t\u00e9rben. &#8211; a kihelyezett eszk\u00f6z\u00f6k \u00e9lettartam\u00e1t nagyban befoly\u00e1solja az adott k\u00f6rnyezeti h\u0151m\u00e9rs\u00e9klet, p\u00e1ratartalom.[\/vc_toggle][vc_toggle title=&#8221;Van saj\u00e1t router, mi\u00e9rt kel m\u00e1sik?&#8221; color=&#8221;green&#8221;]Az \u00e1ltal\u00e1nos otthoni router-rek but\u00e1k \u00e9s nem megb\u00edzhat\u00f3ak, \u00fagy alak\u00edtottuk ki a rendszer\u00fcnket, hogy az \u00e1ltalunk prefer\u00e1lt Mikrotik m\u00e1rk\u00e1j\u00fa eszk\u00f6z\u00f6kkel tejes fel\u00fcgyeletet \u00e9s\u00a0 nagy rendelkez\u00e9sre \u00e1ll\u00e1st tudjuk biztos\u00edtani. Van m\u00f3d saj\u00e1t router-t is haszn\u00e1lni m\u00e1sodlagos router-k\u00e9nt, de erre m\u00e1r nem terjed ki a teljes technikai t\u00e1mogat\u00e1sunk.[\/vc_toggle][\/vc_column][\/vc_row][vc_row][vc_column]<h2>Tov\u00e1bbi k\u00e9rd\u00e9sek \u00e9s v\u00e1laszok<\/h2>[vc_accordion collapsible=\"\" disable_keyboard=\"\" style=\"1\" icon=\"icon-arrow\"][vc_accordion_tab title=\"Mi az a HotSpot?\"]A HotSpot egy nyilv\u00e1nos, vezet\u00e9k n\u00e9lk\u00fcli (WiFi) internet-hozz\u00e1f\u00e9r\u00e9si pont. L\u00e9nyege, hogy b\u00e1rki haszn\u00e1lhatja az arra alkalmas eszk\u00f6zzel, p\u00e9ld\u00e1ul laptop vagy mobiltelefonnal. Felcsatlakozva egy az eszk\u00f6z \u00e1ltal feldobott weboldalon kel bejelentkezni az Aktiv\u00e1ci\u00f3s k\u00e1rty\u00e1val az internet megkezd\u00e9se el\u0151tt.[\/vc_accordion_tab][\/vc_accordion][\/vc_column][\/vc_row]<\/p>\n","protected":false},"excerpt":{"rendered":"<p>test ttttt desss<\/p>\n","protected":false},"author":1,"featured_media":0,"parent":0,"menu_order":0,"comment_status":"closed","ping_status":"open","template":"templates\/page-right.php","meta":{"footnotes":""},"class_list":["post-1103","page","type-page","status-publish","hentry"],"_links":{"self":[{"href":"https:\/\/www.delhalo.hu\/index.php?rest_route=\/wp\/v2\/pages\/1103","targetHints":{"allow":["GET"]}}],"collection":[{"href":"https:\/\/www.delhalo.hu\/index.php?rest_route=\/wp\/v2\/pages"}],"about":[{"href":"https:\/\/www.delhalo.hu\/index.php?rest_route=\/wp\/v2\/types\/page"}],"author":[{"embeddable":true,"href":"https:\/\/www.delhalo.hu\/index.php?rest_route=\/wp\/v2\/users\/1"}],"replies":[{"embeddable":true,"href":"https:\/\/www.delhalo.hu\/index.php?rest_route=%2Fwp%2Fv2%2Fcomments&post=1103"}],"version-history":[{"count":5,"href":"https:\/\/www.delhalo.hu\/index.php?rest_route=\/wp\/v2\/pages\/1103\/revisions"}],"predecessor-version":[{"id":2363,"href":"https:\/\/www.delhalo.hu\/index.php?rest_route=\/wp\/v2\/pages\/1103\/revisions\/2363"}],"wp:attachment":[{"href":"https:\/\/www.delhalo.hu\/index.php?rest_route=%2Fwp%2Fv2%2Fmedia&parent=1103"}],"curies":[{"name":"wp","href":"https:\/\/api.w.org\/{rel}","templated":true}]}}