{"id":2206,"date":"2021-04-03T09:42:55","date_gmt":"2021-04-03T09:42:55","guid":{"rendered":"https:\/\/www.delhalo.hu\/?page_id=2206"},"modified":"2025-03-27T08:45:55","modified_gmt":"2025-03-27T08:45:55","slug":"dokumentumok","status":"publish","type":"page","link":"https:\/\/www.delhalo.hu\/?page_id=2206","title":{"rendered":"Dokumentumok"},"content":{"rendered":"<p>[vc_row][vc_column][vc_empty_space]<div class=\"stcode_title11\"><h2 class=\"animated eff-fadeIn delay-200ms\">Let\u00f6lthet\u0151  <strong>Dokumentumok<\/strong>  \u00e9s Nyomtatv\u00e1nyok!\n<em>\n\tMinden sz\u00fcks\u00e9ges nyomtatv\u00e1ny!\n<\/em>\n<span class=\"line\"><\/span><\/h2><\/div>[vc_empty_space][\/vc_column][\/vc_row][vc_row king_row_type=&#8221;container_full&#8221; bg_image=&#8221;1529&#8243;][vc_column width=&#8221;1\/2&#8243;][vc_single_image image=&#8221;1475&#8243; img_size=&#8221;full&#8221; add_caption=&#8221;yes&#8221; alignment=&#8221;center&#8221; style=&#8221;vc_box_shadow_3d&#8221; css_animation=&#8221;flipInX&#8221; css=&#8221;.vc_custom_1617515774341{margin-top: 50px !important;margin-bottom: 10px !important;margin-left: 10px !important;}&#8221;][\/vc_column][vc_column width=&#8221;1\/2&#8243;][vc_tta_tour style=&#8221;modern&#8221; shape=&#8221;square&#8221; spacing=&#8221;&#8221; alignment=&#8221;center&#8221; autoplay=&#8221;10&#8243; active_section=&#8221;1&#8243; pagination_style=&#8221;outline-square&#8221; css_animation=&#8221;fadeIn&#8221; css=&#8221;.vc_custom_1617444906660{margin-top: 50px !important;margin-right: 10px !important;margin-left: 10px !important;}&#8221;][vc_tta_section title=&#8221;\u00c1SZF&#8221; tab_id=&#8221;1617443541333-eccc7571-8470&#8243;][vc_column_text]\u00c1ltal\u00e1nos Szerz\u0151d\u00e9si Felt\u00e9telek:<\/p>\n<ul>\n<li><a href=\".\/delhalo_aszf_2025_03_23.doc\" target=\"_blank\" rel=\"noopener\">\u00c1SZF<\/a> (2025.03.23.)- \u00c1ltal\u00e1nos Helyhez K\u00f6z\u00f6tt<\/li>\n<li><a href=\".\/delhalo_aszf_2023_02_17.doc\" target=\"_blank\" rel=\"noopener\">\u00c1SZF<\/a> (2023.02.17.)- \u00c1ltal\u00e1nos Helyhez K\u00f6z\u00f6tt<\/li>\n<li><a href=\".\/delhalo_aszf_2022_07_01.doc\" target=\"_blank\" rel=\"noopener\">\u00c1SZF<\/a> (2022.07.01.)- \u00c1ltal\u00e1nos Helyhez K\u00f6z\u00f6tt<\/li>\n<li><a href=\".\/DelHalo-Hotspot_ASZF.pdf\" target=\"_blank\" rel=\"noopener\">\u00c1SZF (HotSpot)<\/a><\/li>\n<\/ul>\n<p>[\/vc_column_text][\/vc_tta_section][vc_tta_section title=&#8221;Nyilatkozatok&#8221; tab_id=&#8221;1617443541372-56b0f3b3-202c&#8221;][vc_column_text]<a href=\".\/athelyezesi.doc\" target=\"_blank\" rel=\"noopener\">\u00c1thelyez\u00e9si Nyilatkozat<\/a>[\/vc_column_text][\/vc_tta_section][\/vc_tta_tour][\/vc_column][\/vc_row][vc_row][vc_column][vc_empty_space][vc_empty_space][\/vc_column][\/vc_row]<\/p>\n","protected":false},"excerpt":{"rendered":"<p>[vc_row][vc_column][vc_empty_space][vc_empty_space][\/vc_column][\/vc_row][vc_row king_row_type=&#8221;container_full&#8221; bg_image=&#8221;1529&#8243;][vc_column width=&#8221;1\/2&#8243;][vc_single_image image=&#8221;1475&#8243; img_size=&#8221;full&#8221; add_caption=&#8221;yes&#8221; alignment=&#8221;center&#8221; style=&#8221;vc_box_shadow_3d&#8221; css_animation=&#8221;flipInX&#8221; css=&#8221;.vc_custom_1617515774341{margin-top: 50px !important;margin-bottom: 10px !important;margin-left: 10px !important;}&#8221;][\/vc_column][vc_column width=&#8221;1\/2&#8243;][vc_tta_tour style=&#8221;modern&#8221; shape=&#8221;square&#8221; spacing=&#8221;&#8221; alignment=&#8221;center&#8221; autoplay=&#8221;10&#8243; active_section=&#8221;1&#8243; pagination_style=&#8221;outline-square&#8221; css_animation=&#8221;fadeIn&#8221; css=&#8221;.vc_custom_1617444906660{margin-top: 50px !important;margin-right: 10px !important;margin-left: 10px !important;}&#8221;][vc_tta_section title=&#8221;\u00c1SZF&#8221; tab_id=&#8221;1617443541333-eccc7571-8470&#8243;][vc_column_text]\u00c1ltal\u00e1nos Szerz\u0151d\u00e9si Felt\u00e9telek: \u00c1SZF (2025.03.23.)- \u00c1ltal\u00e1nos Helyhez K\u00f6z\u00f6tt \u00c1SZF (2023.02.17.)- \u00c1ltal\u00e1nos Helyhez K\u00f6z\u00f6tt \u00c1SZF (2022.07.01.)- \u00c1ltal\u00e1nos Helyhez K\u00f6z\u00f6tt \u00c1SZF (HotSpot) [\/vc_column_text][\/vc_tta_section][vc_tta_section [&hellip;]<\/p>\n","protected":false},"author":1,"featured_media":0,"parent":0,"menu_order":0,"comment_status":"closed","ping_status":"closed","template":"","meta":{"footnotes":""},"class_list":["post-2206","page","type-page","status-publish","hentry"],"_links":{"self":[{"href":"https:\/\/www.delhalo.hu\/index.php?rest_route=\/wp\/v2\/pages\/2206","targetHints":{"allow":["GET"]}}],"collection":[{"href":"https:\/\/www.delhalo.hu\/index.php?rest_route=\/wp\/v2\/pages"}],"about":[{"href":"https:\/\/www.delhalo.hu\/index.php?rest_route=\/wp\/v2\/types\/page"}],"author":[{"embeddable":true,"href":"https:\/\/www.delhalo.hu\/index.php?rest_route=\/wp\/v2\/users\/1"}],"replies":[{"embeddable":true,"href":"https:\/\/www.delhalo.hu\/index.php?rest_route=%2Fwp%2Fv2%2Fcomments&post=2206"}],"version-history":[{"count":43,"href":"https:\/\/www.delhalo.hu\/index.php?rest_route=\/wp\/v2\/pages\/2206\/revisions"}],"predecessor-version":[{"id":2399,"href":"https:\/\/www.delhalo.hu\/index.php?rest_route=\/wp\/v2\/pages\/2206\/revisions\/2399"}],"wp:attachment":[{"href":"https:\/\/www.delhalo.hu\/index.php?rest_route=%2Fwp%2Fv2%2Fmedia&parent=2206"}],"curies":[{"name":"wp","href":"https:\/\/api.w.org\/{rel}","templated":true}]}}